{"id":2,"date":"2024-10-02T10:25:30","date_gmt":"2024-10-02T10:25:30","guid":{"rendered":"http:\/\/localhost\/wordpress\/?page_id=2"},"modified":"2024-10-02T11:23:30","modified_gmt":"2024-10-02T11:23:30","slug":"sample-page","status":"publish","type":"page","link":"https:\/\/www.limostar.cz\/","title":{"rendered":"&#8222;Nen\u00ed d\u016fle\u017eit\u00e9 kam, ale s k\u00fdm&#8220;"},"content":{"rendered":"\n<p class=\"has-text-align-center\">Spole\u010dnost LimoStar s.r.o. vznikla v roce 2008.<\/p>\n\n\n\n<p class=\"has-text-align-center\">Mezi core business spole\u010dnosti pat\u0159\u00ed zaji\u0161t\u011bn\u00ed kolektivn\u00edch akc\u00ed a cestovn\u00ed agentura.<\/p>\n\n\n\n<p class=\"has-text-align-center\">Dopl\u0148kov\u00e9 aktivity spole\u010dnost LimoStar s.r.o. prov\u00e1d\u00ed pro \u010cesk\u00fd \u010cERVEN\u00dd K\u0158\u00cd\u017d. &nbsp;<\/p>\n\n\n\n<p class=\"has-text-align-center\">Jde nap\u0159\u00edklad o po\u0159\u00e1d\u00e1n\u00ed spole\u010dn\u00fdch akc\u00ed pro \u010dleny \u010cESK\u00c9HO \u010cERVEN\u00c9HO K\u0158\u00cd\u017dE.<\/p>\n\n\n\n<blockquote class=\"wp-block-quote is-layout-flow wp-block-quote-is-layout-flow\">\n<h2 class=\"wp-block-heading has-text-align-center has-vivid-red-color has-text-color has-link-color has-x-large-font-size wp-elements-8d6a03412fce4bb5b632a224b491d4fa\"><strong>E-mail:  info@limostar.cz<\/strong><\/h2>\n<\/blockquote>\n\n\n\n<p><\/p>\n","protected":false},"excerpt":{"rendered":"<p>Spole\u010dnost LimoStar s.r.o. vznikla v roce 2008. Mezi core business spole\u010dnosti pat\u0159\u00ed zaji\u0161t\u011bn\u00ed kolektivn\u00edch akc\u00ed a cestovn\u00ed agentura. Dopl\u0148kov\u00e9 aktivity spole\u010dnost LimoStar s.r.o. prov\u00e1d\u00ed pro \u010cesk\u00fd \u010cERVEN\u00dd K\u0158\u00cd\u017d. &nbsp; Jde nap\u0159\u00edklad o po\u0159\u00e1d\u00e1n\u00ed spole\u010dn\u00fdch akc\u00ed pro \u010dleny \u010cESK\u00c9HO \u010cERVEN\u00c9HO K\u0158\u00cd\u017dE. E-mail: info@limostar.cz<\/p>\n","protected":false},"author":1,"featured_media":20,"parent":0,"menu_order":0,"comment_status":"closed","ping_status":"open","template":"","meta":{"footnotes":""},"class_list":["post-2","page","type-page","status-publish","has-post-thumbnail","hentry"],"_links":{"self":[{"href":"https:\/\/www.limostar.cz\/index.php?rest_route=\/wp\/v2\/pages\/2","targetHints":{"allow":["GET"]}}],"collection":[{"href":"https:\/\/www.limostar.cz\/index.php?rest_route=\/wp\/v2\/pages"}],"about":[{"href":"https:\/\/www.limostar.cz\/index.php?rest_route=\/wp\/v2\/types\/page"}],"author":[{"embeddable":true,"href":"https:\/\/www.limostar.cz\/index.php?rest_route=\/wp\/v2\/users\/1"}],"replies":[{"embeddable":true,"href":"https:\/\/www.limostar.cz\/index.php?rest_route=%2Fwp%2Fv2%2Fcomments&post=2"}],"version-history":[{"count":5,"href":"https:\/\/www.limostar.cz\/index.php?rest_route=\/wp\/v2\/pages\/2\/revisions"}],"predecessor-version":[{"id":39,"href":"https:\/\/www.limostar.cz\/index.php?rest_route=\/wp\/v2\/pages\/2\/revisions\/39"}],"wp:featuredmedia":[{"embeddable":true,"href":"https:\/\/www.limostar.cz\/index.php?rest_route=\/wp\/v2\/media\/20"}],"wp:attachment":[{"href":"https:\/\/www.limostar.cz\/index.php?rest_route=%2Fwp%2Fv2%2Fmedia&parent=2"}],"curies":[{"name":"wp","href":"https:\/\/api.w.org\/{rel}","templated":true}]}}